{"id":6232,"date":"2025-04-04T20:05:33","date_gmt":"2025-04-05T03:05:33","guid":{"rendered":"https:\/\/chrismathsdesignstore.com\/?page_id=6232"},"modified":"2025-04-04T20:11:24","modified_gmt":"2025-04-05T03:11:24","slug":"coleccion-sweaters","status":"publish","type":"page","link":"https:\/\/chrismathsdesignstore.com\/en\/coleccion-sweaters\/","title":{"rendered":"Colecci\u00f3n Sweaters"},"content":{"rendered":"<div data-elementor-type=\"wp-page\" data-elementor-id=\"6232\" class=\"elementor elementor-6232\" data-elementor-post-type=\"page\">\n\t\t\t\t\t\t<section class=\"elementor-section elementor-top-section elementor-element elementor-element-75fca53a elementor-section-boxed elementor-section-height-default elementor-section-height-default\" data-id=\"75fca53a\" data-element_type=\"section\">\n\t\t\t\t\t\t<div class=\"elementor-container elementor-column-gap-default\">\n\t\t\t\t\t<div class=\"elementor-column elementor-col-100 elementor-top-column elementor-element elementor-element-681a2a1a\" data-id=\"681a2a1a\" data-element_type=\"column\">\n\t\t\t<div class=\"elementor-widget-wrap elementor-element-populated\">\n\t\t\t\t\t\t\t<\/div>\n\t\t<\/div>\n\t\t\t\t\t<\/div>\n\t\t<\/section>\n\t\t\t\t<section class=\"elementor-section elementor-top-section elementor-element elementor-element-22876e27 elementor-section-boxed elementor-section-height-default elementor-section-height-default\" data-id=\"22876e27\" data-element_type=\"section\">\n\t\t\t\t\t\t<div class=\"elementor-container elementor-column-gap-default\">\n\t\t\t\t\t<div class=\"elementor-column elementor-col-100 elementor-top-column elementor-element elementor-element-78919133\" data-id=\"78919133\" data-element_type=\"column\">\n\t\t\t<div class=\"elementor-widget-wrap elementor-element-populated\">\n\t\t\t\t\t\t\t<\/div>\n\t\t<\/div>\n\t\t\t\t\t<\/div>\n\t\t<\/section>\n\t\t\t\t<section class=\"elementor-section elementor-top-section elementor-element elementor-element-16f3cddd elementor-section-boxed elementor-section-height-default elementor-section-height-default\" data-id=\"16f3cddd\" data-element_type=\"section\">\n\t\t\t\t\t\t<div class=\"elementor-container elementor-column-gap-default\">\n\t\t\t\t\t<div class=\"elementor-column elementor-col-100 elementor-top-column elementor-element elementor-element-3411c27e\" data-id=\"3411c27e\" data-element_type=\"column\">\n\t\t\t<div class=\"elementor-widget-wrap elementor-element-populated\">\n\t\t\t\t\t\t<div class=\"elementor-element elementor-element-16180423 elementor-grid-4 elementor-grid-tablet-3 elementor-grid-mobile-2 elementor-products-grid elementor-wc-products elementor-show-pagination-border-yes elementor-widget elementor-widget-woocommerce-products\" data-id=\"16180423\" data-element_type=\"widget\" data-widget_type=\"woocommerce-products.default\">\n\t\t\t\t<div class=\"elementor-widget-container\">\n\t\t\t\t\t<div class=\"woocommerce columns-4\"><div class=\"woocommerce-notices-wrapper\"><\/div><p class=\"woocommerce-result-count\" role=\"alert\" aria-relevant=\"all\" data-is-sorted-by=\"true\">\n\tShowing all 3 results<span class=\"screen-reader-text\" data-no-translation=\"\" data-trp-gettext=\"\">Sorted by latest<\/span><\/p>\n<ul class=\"products elementor-grid columns-4\">\n<li class=\"product type-product post-5994 status-publish first instock product_cat-sin-categorizar has-post-thumbnail shipping-taxable purchasable product-type-variable\">\n\t<a href=\"https:\/\/chrismathsdesignstore.com\/en\/product\/sweatshirt-cat-cat-cat-mom\/\" class=\"woocommerce-LoopProduct-link woocommerce-loop-product__link\"><img fetchpriority=\"high\" decoding=\"async\" width=\"300\" height=\"300\" src=\"https:\/\/chrismathsdesignstore.com\/wp-content\/uploads\/2025\/03\/LIGHT-BLUE-300x300.png\" class=\"attachment-woocommerce_thumbnail size-woocommerce_thumbnail\" alt=\"Sweatshirt &quot;CAT CAT CAT MOM&quot;\u00a0 Sudadera perfecta para todas las amantes de los gatos! Esta prenda no solo es c\u00f3moda y c\u00e1lida, sino que tambi\u00e9n refleja tu amor por esos adorables felinos. Hecha de una suave mezcla de algod\u00f3n y poli\u00e9ster, esta sudadera es ideal para cualquier ocasi\u00f3n, ya sea para quedarte en casa, salir a pasear con tu gato o reunirte con amigos.\" srcset=\"https:\/\/chrismathsdesignstore.com\/wp-content\/uploads\/2025\/03\/LIGHT-BLUE-300x300.png 300w, https:\/\/chrismathsdesignstore.com\/wp-content\/uploads\/2025\/03\/LIGHT-BLUE-150x150.png 150w, https:\/\/chrismathsdesignstore.com\/wp-content\/uploads\/2025\/03\/LIGHT-BLUE-768x768.png 768w, https:\/\/chrismathsdesignstore.com\/wp-content\/uploads\/2025\/03\/LIGHT-BLUE-600x600.png 600w, https:\/\/chrismathsdesignstore.com\/wp-content\/uploads\/2025\/03\/LIGHT-BLUE-100x100.png 100w, https:\/\/chrismathsdesignstore.com\/wp-content\/uploads\/2025\/03\/LIGHT-BLUE.png 1000w\" sizes=\"(max-width: 300px) 100vw, 300px\" \/><h2 class=\"woocommerce-loop-product__title\">Sweatshirt &#8220;CAT CAT CAT  MOM&#8221;\u00a0<\/h2>\n\t<span class=\"price\">From&nbsp;<span class=\"woocommerce-Price-amount amount\"><bdi><span class=\"woocommerce-Price-currencySymbol\">&#36;<\/span>30.99<\/bdi><\/span><\/span>\n<\/a><a href=\"https:\/\/chrismathsdesignstore.com\/en\/product\/sweatshirt-cat-cat-cat-mom\/\" aria-describedby=\"woocommerce_loop_add_to_cart_link_describedby_5994\" data-quantity=\"1\" class=\"button product_type_variable add_to_cart_button cfvsw_ajax_add_to_cart\" data-product_id=\"5994\" data-product_sku=\"\" aria-label=\"Select options for \u201cSweatshirt &quot;CAT CAT CAT  MOM&quot;\u00a0\u201d\" rel=\"nofollow\" data-add_to_cart_text=\"Add to Cart\" data-select_options_text=\"Select options\" data-no-translation-aria-label=\"\">Select options<\/a>\t<span id=\"woocommerce_loop_add_to_cart_link_describedby_5994\" class=\"screen-reader-text\">\n\t\tThis product has multiple variants. The options may be chosen on the product page\t<\/span>\n<\/li>\n<li class=\"product type-product post-5709 status-publish instock product_cat-sin-categorizar has-post-thumbnail shipping-taxable purchasable product-type-variable has-default-attributes\">\n\t<a href=\"https:\/\/chrismathsdesignstore.com\/en\/product\/sweatshirt-cat-mom-personalizado-con-nombre-en-la-manga\/\" class=\"woocommerce-LoopProduct-link woocommerce-loop-product__link\"><img decoding=\"async\" width=\"300\" height=\"300\" src=\"https:\/\/chrismathsdesignstore.com\/wp-content\/uploads\/2025\/03\/ASH-CAT-MOM-300x300.png\" class=\"attachment-woocommerce_thumbnail size-woocommerce_thumbnail\" alt=\"Sweatshirt &quot;CAT MOM&quot;\u00a0 Sudadera perfecta para todas las amantes de los gatos! Esta prenda no solo es c\u00f3moda y c\u00e1lida, sino que tambi\u00e9n refleja tu amor por esos adorables felinos. Hecha de una suave mezcla de algod\u00f3n y poli\u00e9ster, esta sudadera es ideal para cualquier ocasi\u00f3n, ya sea para quedarte en casa, salir a pasear con tu gato o reunirte con amigos.\" srcset=\"https:\/\/chrismathsdesignstore.com\/wp-content\/uploads\/2025\/03\/ASH-CAT-MOM-300x300.png 300w, https:\/\/chrismathsdesignstore.com\/wp-content\/uploads\/2025\/03\/ASH-CAT-MOM-150x150.png 150w, https:\/\/chrismathsdesignstore.com\/wp-content\/uploads\/2025\/03\/ASH-CAT-MOM-768x768.png 768w, https:\/\/chrismathsdesignstore.com\/wp-content\/uploads\/2025\/03\/ASH-CAT-MOM-600x600.png 600w, https:\/\/chrismathsdesignstore.com\/wp-content\/uploads\/2025\/03\/ASH-CAT-MOM-100x100.png 100w, https:\/\/chrismathsdesignstore.com\/wp-content\/uploads\/2025\/03\/ASH-CAT-MOM.png 1000w\" sizes=\"(max-width: 300px) 100vw, 300px\" \/><h2 class=\"woocommerce-loop-product__title\">Sweatshirt &#8220;CAT MOM&#8221;\u00a0Personalizado con nombre en la manga<\/h2>\n\t<span class=\"price\">From&nbsp;<span class=\"woocommerce-Price-amount amount\"><bdi><span class=\"woocommerce-Price-currencySymbol\">&#36;<\/span>30.99<\/bdi><\/span><\/span>\n<\/a><a href=\"https:\/\/chrismathsdesignstore.com\/en\/product\/sweatshirt-cat-mom-personalizado-con-nombre-en-la-manga\/\" aria-describedby=\"woocommerce_loop_add_to_cart_link_describedby_5709\" data-quantity=\"1\" class=\"button product_type_variable add_to_cart_button cfvsw_ajax_add_to_cart\" data-product_id=\"5709\" data-product_sku=\"\" aria-label=\"Select options for \u201cSweatshirt &quot;CAT MOM&quot;\u00a0Personalizado con nombre en la manga\u201d\" rel=\"nofollow\" data-add_to_cart_text=\"Add to Cart\" data-select_options_text=\"Select options\" data-no-translation-aria-label=\"\">Select options<\/a>\t<span id=\"woocommerce_loop_add_to_cart_link_describedby_5709\" class=\"screen-reader-text\">\n\t\tThis product has multiple variants. The options may be chosen on the product page\t<\/span>\n<\/li>\n<li class=\"product type-product post-5613 status-publish instock product_cat-sin-categorizar has-post-thumbnail shipping-taxable purchasable product-type-variable has-default-attributes\">\n\t<a href=\"https:\/\/chrismathsdesignstore.com\/en\/product\/sweatshirt-dog-mama-personalizado-con-nombre-en-la-manga\/\" class=\"woocommerce-LoopProduct-link woocommerce-loop-product__link\"><img decoding=\"async\" width=\"300\" height=\"300\" src=\"https:\/\/chrismathsdesignstore.com\/wp-content\/uploads\/2025\/03\/WHITE-DOG-MAMA-300x300.png\" class=\"attachment-woocommerce_thumbnail size-woocommerce_thumbnail\" alt=\"Sweatshirt &quot;DOG MAMA&quot; - Un Abrazo de Amor y Fe Luce tu amor por tus peludos amigos y tu fe en Dios con nuestra sudadera &quot;DOG MAMA&quot;. Esta prenda, confeccionada con materiales de alta calidad, te ofrece comodidad y estilo mientras proclama tu identidad como una madre dedicada de mascotas. Con un dise\u00f1o acogedor y moderno, la sudadera presenta la frase &quot;DOG MAMA&quot; en un bonito estilo tipogr\u00e1fico, que resalta tu amor por los perros.\" srcset=\"https:\/\/chrismathsdesignstore.com\/wp-content\/uploads\/2025\/03\/WHITE-DOG-MAMA-300x300.png 300w, https:\/\/chrismathsdesignstore.com\/wp-content\/uploads\/2025\/03\/WHITE-DOG-MAMA-150x150.png 150w, https:\/\/chrismathsdesignstore.com\/wp-content\/uploads\/2025\/03\/WHITE-DOG-MAMA-768x768.png 768w, https:\/\/chrismathsdesignstore.com\/wp-content\/uploads\/2025\/03\/WHITE-DOG-MAMA-600x600.png 600w, https:\/\/chrismathsdesignstore.com\/wp-content\/uploads\/2025\/03\/WHITE-DOG-MAMA-100x100.png 100w, https:\/\/chrismathsdesignstore.com\/wp-content\/uploads\/2025\/03\/WHITE-DOG-MAMA.png 1000w\" sizes=\"(max-width: 300px) 100vw, 300px\" \/><h2 class=\"woocommerce-loop-product__title\">Sweatshirt DOG MAMA Personalizado con nombre en la manga<\/h2>\n\t<span class=\"price\">From&nbsp;<span class=\"woocommerce-Price-amount amount\"><bdi><span class=\"woocommerce-Price-currencySymbol\">&#36;<\/span>30.99<\/bdi><\/span><\/span>\n<\/a><a href=\"https:\/\/chrismathsdesignstore.com\/en\/product\/sweatshirt-dog-mama-personalizado-con-nombre-en-la-manga\/\" aria-describedby=\"woocommerce_loop_add_to_cart_link_describedby_5613\" data-quantity=\"1\" class=\"button product_type_variable add_to_cart_button cfvsw_ajax_add_to_cart\" data-product_id=\"5613\" data-product_sku=\"\" aria-label=\"Select options for \u201cSweatshirt DOG MAMA Personalizado con nombre en la manga\u201d\" rel=\"nofollow\" data-add_to_cart_text=\"Add to Cart\" data-select_options_text=\"Select options\" data-no-translation-aria-label=\"\">Select options<\/a>\t<span id=\"woocommerce_loop_add_to_cart_link_describedby_5613\" class=\"screen-reader-text\">\n\t\tThis product has multiple variants. The options may be chosen on the product page\t<\/span>\n<\/li>\n<\/ul>\n<\/div>\t\t\t\t<\/div>\n\t\t\t\t<\/div>\n\t\t\t\t\t<\/div>\n\t\t<\/div>\n\t\t\t\t\t<\/div>\n\t\t<\/section>\n\t\t\t\t<section class=\"elementor-section elementor-top-section elementor-element elementor-element-eb8e1a3 elementor-section-boxed elementor-section-height-default elementor-section-height-default\" data-id=\"eb8e1a3\" data-element_type=\"section\">\n\t\t\t\t\t\t<div class=\"elementor-container elementor-column-gap-default\">\n\t\t\t\t\t<div class=\"elementor-column elementor-col-100 elementor-top-column elementor-element elementor-element-4af08a6\" data-id=\"4af08a6\" data-element_type=\"column\">\n\t\t\t<div class=\"elementor-widget-wrap elementor-element-populated\">\n\t\t\t\t\t\t\t<\/div>\n\t\t<\/div>\n\t\t\t\t\t<\/div>\n\t\t<\/section>\n\t\t\t\t<\/div>","protected":false},"excerpt":{"rendered":"","protected":false},"author":1,"featured_media":0,"parent":0,"menu_order":0,"comment_status":"closed","ping_status":"closed","template":"","meta":{"_monsterinsights_skip_tracking":false,"_monsterinsights_sitenote_active":false,"_monsterinsights_sitenote_note":"","_monsterinsights_sitenote_category":0,"footnotes":""},"class_list":["post-6232","page","type-page","status-publish","hentry"],"aioseo_notices":[],"jetpack_sharing_enabled":true,"_links":{"self":[{"href":"https:\/\/chrismathsdesignstore.com\/en\/wp-json\/wp\/v2\/pages\/6232","targetHints":{"allow":["GET"]}}],"collection":[{"href":"https:\/\/chrismathsdesignstore.com\/en\/wp-json\/wp\/v2\/pages"}],"about":[{"href":"https:\/\/chrismathsdesignstore.com\/en\/wp-json\/wp\/v2\/types\/page"}],"author":[{"embeddable":true,"href":"https:\/\/chrismathsdesignstore.com\/en\/wp-json\/wp\/v2\/users\/1"}],"replies":[{"embeddable":true,"href":"https:\/\/chrismathsdesignstore.com\/en\/wp-json\/wp\/v2\/comments?post=6232"}],"version-history":[{"count":7,"href":"https:\/\/chrismathsdesignstore.com\/en\/wp-json\/wp\/v2\/pages\/6232\/revisions"}],"predecessor-version":[{"id":6245,"href":"https:\/\/chrismathsdesignstore.com\/en\/wp-json\/wp\/v2\/pages\/6232\/revisions\/6245"}],"wp:attachment":[{"href":"https:\/\/chrismathsdesignstore.com\/en\/wp-json\/wp\/v2\/media?parent=6232"}],"curies":[{"name":"wp","href":"https:\/\/api.w.org\/{rel}","templated":true}]}}