{"id":4793,"date":"2024-11-20T10:07:26","date_gmt":"2024-11-20T18:07:26","guid":{"rendered":"https:\/\/chrismathsdesignstore.com\/?page_id=4793"},"modified":"2024-11-20T10:10:10","modified_gmt":"2024-11-20T18:10:10","slug":"politica-de-envio-3","status":"publish","type":"page","link":"https:\/\/chrismathsdesignstore.com\/en\/politica-de-envio-3\/","title":{"rendered":"POL\u00cdTICA DE ENV\u00cdO"},"content":{"rendered":"<div data-elementor-type=\"wp-page\" data-elementor-id=\"4793\" class=\"elementor elementor-4793\" data-elementor-post-type=\"page\">\n\t\t\t\t\t\t<section class=\"elementor-section elementor-top-section elementor-element elementor-element-3bf53f8b elementor-section-boxed elementor-section-height-default elementor-section-height-default\" data-id=\"3bf53f8b\" data-element_type=\"section\">\n\t\t\t\t\t\t<div class=\"elementor-container elementor-column-gap-default\">\n\t\t\t\t\t<div class=\"elementor-column elementor-col-100 elementor-top-column elementor-element elementor-element-3b0f133f\" data-id=\"3b0f133f\" data-element_type=\"column\">\n\t\t\t<div class=\"elementor-widget-wrap elementor-element-populated\">\n\t\t\t\t\t\t<div class=\"elementor-element elementor-element-7267c0ed elementor-widget elementor-widget-heading\" data-id=\"7267c0ed\" data-element_type=\"widget\" data-widget_type=\"heading.default\">\n\t\t\t\t<div class=\"elementor-widget-container\">\n\t\t\t\t\t<h2 class=\"elementor-heading-title elementor-size-default\">POL\u00cdTICA DE ENVIO<\/h2>\t\t\t\t<\/div>\n\t\t\t\t<\/div>\n\t\t\t\t\t<\/div>\n\t\t<\/div>\n\t\t\t\t\t<\/div>\n\t\t<\/section>\n\t\t\t\t<section class=\"elementor-section elementor-top-section elementor-element elementor-element-5e2653d3 elementor-section-boxed elementor-section-height-default elementor-section-height-default\" data-id=\"5e2653d3\" data-element_type=\"section\">\n\t\t\t\t\t\t<div class=\"elementor-container elementor-column-gap-default\">\n\t\t\t\t\t<div class=\"elementor-column elementor-col-100 elementor-top-column elementor-element elementor-element-2340026f\" data-id=\"2340026f\" data-element_type=\"column\">\n\t\t\t<div class=\"elementor-widget-wrap elementor-element-populated\">\n\t\t\t\t\t\t<div class=\"elementor-element elementor-element-62fa16fd elementor-widget elementor-widget-text-editor\" data-id=\"62fa16fd\" data-element_type=\"widget\" data-widget_type=\"text-editor.default\">\n\t\t\t\t<div class=\"elementor-widget-container\">\n\t\t\t\t\t\t\t\t\t<ul><li><h6>Antes de realizar el env\u00edo, debe tener en cuenta que los pedidos se procesan en un plazo de 2 a 3 d\u00edas h\u00e1biles y tiene un periodo de preparaci\u00f3n de entre 2-a 15 d\u00edas h\u00e1biles (Dependiendo del producto y la cantidad). Al ser productos hechos a mano puede ser que el tiempo de preparaci\u00f3n var\u00ede, en algunos casos se alargue, por lo que, en el caso de que esto pasara, se le notificar\u00e1 mediante un e-mail.<\/h6><\/li><\/ul><h6>\u00a0<\/h6><ul><li><h6>Realizamos los env\u00edos de pedidos de Lunes a Viernes a excepci\u00f3n de d\u00edas festivos. Cada pedido tiene un tiempo de preparaci\u00f3n, por lo tanto no se puede enviar de inmediato, a no ser que los productos que usted haya solicitado est\u00e9n en Stock, es decir, est\u00e9n ya hechos y listos para su env\u00edo.<\/h6><\/li><\/ul><h6>\u00a0<\/h6><ul><li><h6>Recibir\u00e1 un e-mail una vez que su pedido haya sido enviado con su correspondiente n\u00famero de seguimiento.<\/h6><\/li><\/ul><h6>\u00a0<\/h6><ul><li><h6>No se podr\u00e1 realizar ning\u00fan cambio una vez que el pedido haya sido enviado. Si el cliente desea hacer alguna modificaci\u00f3n en los Datos de Env\u00edo deber\u00e1 ponerse en contacto con nosotros a trav\u00e9s de nuestro correo electr\u00f3nico chrismathsdesigns@gmail.com antes de que el pedido sea enviado.<\/h6><\/li><\/ul><h6>\u00a0<\/h6><ul><li><h6>Se podr\u00e1n realizar cambios en los pedidos (sea eliminar productos o a\u00f1adir nuevos), siempre y cuando no se hayan preparado a\u00fan o enviado. Para ello el cliente tendr\u00e1 que ponerse en contacto con nosotros a trav\u00e9s de nuestro correo electr\u00f3nico chrismathsdesigns@gmail.com\u00a0 siempre dentro de los plazos establecidos.<\/h6><\/li><\/ul><h6>\u00a0<\/h6><ul><li><h6>Si por alg\u00fan motivo el pedido se tuviera que retrasar nos pondremos en contacto con el cliente a trav\u00e9s del correo electr\u00f3nico que nos haya proporcionado.<\/h6><\/li><\/ul><h6>\u00a0<\/h6><ul><li><h6>No nos hacemos responsables de paquetes perdidos o robados, por lo que le recomendamos que lleve un registro de su paquete. Durante la temporada alta de fiestas, los tiempos de entrega estimados pueden sufrir demoras.<\/h6><\/li><\/ul><p>\u00a0<\/p><p><!-- \/wp:paragraph --><\/p>\t\t\t\t\t\t\t\t<\/div>\n\t\t\t\t<\/div>\n\t\t\t\t\t<\/div>\n\t\t<\/div>\n\t\t\t\t\t<\/div>\n\t\t<\/section>\n\t\t\t\t<\/div>","protected":false},"excerpt":{"rendered":"<p>POL\u00cdTICA DE ENVIO Antes de realizar el env\u00edo, debe tener en cuenta que los pedidos se procesan en un plazo de 2 a 3 d\u00edas h\u00e1biles y tiene un periodo de preparaci\u00f3n de entre 2-a 15 d\u00edas h\u00e1biles (Dependiendo del producto y la cantidad). Al ser productos hechos a mano puede ser que el tiempo [&hellip;]<\/p>\n","protected":false},"author":1,"featured_media":0,"parent":0,"menu_order":0,"comment_status":"closed","ping_status":"closed","template":"","meta":{"_monsterinsights_skip_tracking":false,"_monsterinsights_sitenote_active":false,"_monsterinsights_sitenote_note":"","_monsterinsights_sitenote_category":0,"footnotes":""},"class_list":["post-4793","page","type-page","status-publish","hentry"],"aioseo_notices":[],"jetpack_sharing_enabled":true,"_links":{"self":[{"href":"https:\/\/chrismathsdesignstore.com\/en\/wp-json\/wp\/v2\/pages\/4793","targetHints":{"allow":["GET"]}}],"collection":[{"href":"https:\/\/chrismathsdesignstore.com\/en\/wp-json\/wp\/v2\/pages"}],"about":[{"href":"https:\/\/chrismathsdesignstore.com\/en\/wp-json\/wp\/v2\/types\/page"}],"author":[{"embeddable":true,"href":"https:\/\/chrismathsdesignstore.com\/en\/wp-json\/wp\/v2\/users\/1"}],"replies":[{"embeddable":true,"href":"https:\/\/chrismathsdesignstore.com\/en\/wp-json\/wp\/v2\/comments?post=4793"}],"version-history":[{"count":4,"href":"https:\/\/chrismathsdesignstore.com\/en\/wp-json\/wp\/v2\/pages\/4793\/revisions"}],"predecessor-version":[{"id":4797,"href":"https:\/\/chrismathsdesignstore.com\/en\/wp-json\/wp\/v2\/pages\/4793\/revisions\/4797"}],"wp:attachment":[{"href":"https:\/\/chrismathsdesignstore.com\/en\/wp-json\/wp\/v2\/media?parent=4793"}],"curies":[{"name":"wp","href":"https:\/\/api.w.org\/{rel}","templated":true}]}}