{"id":4786,"date":"2024-11-20T09:43:15","date_gmt":"2024-11-20T17:43:15","guid":{"rendered":"https:\/\/chrismathsdesignstore.com\/?page_id=4786"},"modified":"2024-11-20T09:49:15","modified_gmt":"2024-11-20T17:49:15","slug":"politica-de-devolucionyreembolso","status":"publish","type":"page","link":"https:\/\/chrismathsdesignstore.com\/en\/politica-de-devolucionyreembolso\/","title":{"rendered":"POL\u00cdTICA DE DEVOLUCI\u00d3N Y CAMBIO, CANCELACI\u00d3N DE PEDIDOS Y REEMBOLSO"},"content":{"rendered":"<div data-elementor-type=\"wp-page\" data-elementor-id=\"4786\" class=\"elementor elementor-4786\" data-elementor-post-type=\"page\">\n\t\t\t\t\t\t<section class=\"elementor-section elementor-top-section elementor-element elementor-element-3bf53f8b elementor-section-boxed elementor-section-height-default elementor-section-height-default\" data-id=\"3bf53f8b\" data-element_type=\"section\">\n\t\t\t\t\t\t<div class=\"elementor-container elementor-column-gap-default\">\n\t\t\t\t\t<div class=\"elementor-column elementor-col-100 elementor-top-column elementor-element elementor-element-3b0f133f\" data-id=\"3b0f133f\" data-element_type=\"column\">\n\t\t\t<div class=\"elementor-widget-wrap elementor-element-populated\">\n\t\t\t\t\t\t<div class=\"elementor-element elementor-element-7267c0ed elementor-widget elementor-widget-heading\" data-id=\"7267c0ed\" data-element_type=\"widget\" data-widget_type=\"heading.default\">\n\t\t\t\t<div class=\"elementor-widget-container\">\n\t\t\t\t\t<h2 class=\"elementor-heading-title elementor-size-default\">POL\u00cdTICA DE DEVOLUCI\u00d3N Y CAMBIO, CANCELACI\u00d3N DE PEDIDOS Y REEMBOLSO<\/h2>\t\t\t\t<\/div>\n\t\t\t\t<\/div>\n\t\t\t\t\t<\/div>\n\t\t<\/div>\n\t\t\t\t\t<\/div>\n\t\t<\/section>\n\t\t\t\t<section class=\"elementor-section elementor-top-section elementor-element elementor-element-5e2653d3 elementor-section-boxed elementor-section-height-default elementor-section-height-default\" data-id=\"5e2653d3\" data-element_type=\"section\">\n\t\t\t\t\t\t<div class=\"elementor-container elementor-column-gap-default\">\n\t\t\t\t\t<div class=\"elementor-column elementor-col-100 elementor-top-column elementor-element elementor-element-2340026f\" data-id=\"2340026f\" data-element_type=\"column\">\n\t\t\t<div class=\"elementor-widget-wrap elementor-element-populated\">\n\t\t\t\t\t\t<div class=\"elementor-element elementor-element-62fa16fd elementor-widget elementor-widget-text-editor\" data-id=\"62fa16fd\" data-element_type=\"widget\" data-widget_type=\"text-editor.default\">\n\t\t\t\t<div class=\"elementor-widget-container\">\n\t\t\t\t\t\t\t\t\t<h2>POL\u00cdTICA DE DEVOLUCI\u00d3N Y CAMBIO<\/h2><p>\u00a0<\/p><h4>TODAS LAS VENTAS SON FINALES.<\/h4><ul><li><h6>Env\u00edenos un correo electr\u00f3nico a chrismathsdesigns@gmail.com si tiene alguna pregunta sobre alg\u00fan producto ANTES DE REALIZAR UN PEDIDO<\/h6><\/li><\/ul><ul><li><h6>No aceptamos devoluciones ni cambios.<\/h6><\/li><\/ul><ul><li><h6>Los productos personalizados no son elegibles para devoluciones ya que est\u00e1n hechas a mano para usted. Por esta raz\u00f3n, no podemos aceptar devoluciones y no nos hacemos responsables si orden\u00f3 el tama\u00f1o, nombre o dise\u00f1o incorrecto, as\u00ed que aseg\u00farese de verificar bien sus productos antes de comprar.<\/h6><\/li><\/ul><ul><li><h6>No nos hacemos responsables de paquetes perdidos o robados.<\/h6><\/li><\/ul><ul><li><h6>No nos hacemos responsables de paquetes perdidos debido a direcciones de env\u00edo incorrectas ingresadas al momento de pagar.<\/h6><\/li><\/ul><h4>Problemas con el art\u00edculo<\/h4><ul><li><h6>Si su art\u00edculo est\u00e1 da\u00f1ado, defectuoso o recibi\u00f3 un art\u00edculo incorrecto, comun\u00edquese con nosotros de inmediato por correo electr\u00f3nico a\u00a0<a href=\"mailto:chrismathsdesigns@gmail.com\">chrismathsdesigns@gmail.com<\/a>\u00a0y env\u00edenos una foto del art\u00edculo para justificar el mal estado de su pedido o su pedido err\u00f3neo. Los clientes tienen 2 d\u00edas despu\u00e9s de la entrega de su pedido para inspeccionar su paquete y comunicarse con nosotros sobre problemas con su pedido. Si no nos contactamos dentro de los 2 d\u00edas posteriores a la recepci\u00f3n de su pedido, ya no podremos resolver el problema. Una vez que verifiquemos que el pedido est\u00e1 en mal estado o ha recibido un pedido err\u00f3neo, procederemos a enviarle un nuevo producto tal cu\u00e1l lo solicit\u00f3.<\/h6><\/li><\/ul><ul><li><h6>El art\u00edculo da\u00f1ado se puede devolver a nuestro cargo. Le enviaremos por correo electr\u00f3nico la etiqueta de env\u00edo gratuita.<\/h6><\/li><\/ul><ul><li><h6>El art\u00edculo de reemplazo se enviar\u00e1 solo si recibimos el da\u00f1ado.<\/h6><\/li><\/ul><ul><li><h6>Para m\u00e1s informaci\u00f3n acerca de Env\u00edos y Devoluciones, por favor p\u00f3ngase en contacto con nosotros a trav\u00e9s de nuestro correo electr\u00f3nico chrismathsdesigns@gmail.com y ser\u00e1 atendido lo antes posible.<\/h6><\/li><\/ul><p>\u00a0<\/p><p>\u00a0<\/p><h2>POL\u00cdTICA DE CANCELACI\u00d3N DE PEDIDOS<\/h2><ul><li><h6>La cancelaci\u00f3n de un pedido solo se puede realizar dentro de las 24 horas posteriores a la realizaci\u00f3n del pedido con nosotros.<\/h6><\/li><\/ul><ul><li><h6>Si desea cancelar un pedido, no se podr\u00e1n reembolsar las tarifas del sitio web ni las tarifas de pago.<\/h6><\/li><\/ul><ul><li><h6>El reembolso se aplicar\u00e1 dentro de 2-3 d\u00edas h\u00e1biles dependiendo de la pol\u00edtica de su banco.<\/h6><\/li><\/ul><p><!-- \/wp:paragraph --><\/p>\t\t\t\t\t\t\t\t<\/div>\n\t\t\t\t<\/div>\n\t\t\t\t\t<\/div>\n\t\t<\/div>\n\t\t\t\t\t<\/div>\n\t\t<\/section>\n\t\t\t\t<\/div>","protected":false},"excerpt":{"rendered":"<p>POL\u00cdTICA DE DEVOLUCI\u00d3N Y CAMBIO, CANCELACI\u00d3N DE PEDIDOS Y REEMBOLSO POL\u00cdTICA DE DEVOLUCI\u00d3N Y CAMBIO \u00a0 TODAS LAS VENTAS SON FINALES. Env\u00edenos un correo electr\u00f3nico a chrismathsdesigns@gmail.com si tiene alguna pregunta sobre alg\u00fan producto ANTES DE REALIZAR UN PEDIDO No aceptamos devoluciones ni cambios. Los productos personalizados no son elegibles para devoluciones ya que est\u00e1n [&hellip;]<\/p>\n","protected":false},"author":1,"featured_media":0,"parent":0,"menu_order":0,"comment_status":"closed","ping_status":"closed","template":"","meta":{"_monsterinsights_skip_tracking":false,"_monsterinsights_sitenote_active":false,"_monsterinsights_sitenote_note":"","_monsterinsights_sitenote_category":0,"footnotes":""},"class_list":["post-4786","page","type-page","status-publish","hentry"],"aioseo_notices":[],"jetpack_sharing_enabled":true,"_links":{"self":[{"href":"https:\/\/chrismathsdesignstore.com\/en\/wp-json\/wp\/v2\/pages\/4786","targetHints":{"allow":["GET"]}}],"collection":[{"href":"https:\/\/chrismathsdesignstore.com\/en\/wp-json\/wp\/v2\/pages"}],"about":[{"href":"https:\/\/chrismathsdesignstore.com\/en\/wp-json\/wp\/v2\/types\/page"}],"author":[{"embeddable":true,"href":"https:\/\/chrismathsdesignstore.com\/en\/wp-json\/wp\/v2\/users\/1"}],"replies":[{"embeddable":true,"href":"https:\/\/chrismathsdesignstore.com\/en\/wp-json\/wp\/v2\/comments?post=4786"}],"version-history":[{"count":5,"href":"https:\/\/chrismathsdesignstore.com\/en\/wp-json\/wp\/v2\/pages\/4786\/revisions"}],"predecessor-version":[{"id":4791,"href":"https:\/\/chrismathsdesignstore.com\/en\/wp-json\/wp\/v2\/pages\/4786\/revisions\/4791"}],"wp:attachment":[{"href":"https:\/\/chrismathsdesignstore.com\/en\/wp-json\/wp\/v2\/media?parent=4786"}],"curies":[{"name":"wp","href":"https:\/\/api.w.org\/{rel}","templated":true}]}}